{"id":11699,"date":"2020-02-10T09:22:10","date_gmt":"2020-02-10T08:22:10","guid":{"rendered":"https:\/\/www.iteanu.law\/?page_id=11699"},"modified":"2022-10-15T13:03:35","modified_gmt":"2022-10-15T11:03:35","slug":"formations","status":"publish","type":"page","link":"https:\/\/www.iteanu.law\/en\/formations\/","title":{"rendered":"Formations"},"content":{"rendered":"<p class=\"qtranxs-available-languages-message qtranxs-available-languages-message-en\">Sorry, this entry is only available in <a href=\"https:\/\/www.iteanu.law\/fr\/wp-json\/wp\/v2\/pages\/11699\" class=\"qtranxs-available-language-link qtranxs-available-language-link-fr\" title=\"FR\">FR<\/a>. For the sake of viewer convenience, the content is shown below in the alternative language. You may click the link to switch the active language.<\/p><p><\/p>\n<p style=\"text-align: left;\">ITEANU AVOCATS\u00a0 est &#8220;organisme de formation&#8221; et organise d\u00e8s lors r\u00e9guli\u00e8rement des formations en droit du num\u00e9rique et de la <em>data<\/em> \u00e0 la demande de ses clients.<\/p>\n<p style=\"text-align: left;\">La formation est alors pr\u00e9par\u00e9e avec le client en son contenu et en sa forme, pour \u00eatre adapt\u00e9e \u00e0 l&#8217;organisation qui l&#8217;a demand\u00e9e.<\/p>\n<ul style=\"text-align: left;\">\n<li>Un support de formation\u00a0 est \u00e9tabli pr\u00e9cis\u00e9ment adapt\u00e9 aux besoins du client qui assurera la formation<\/li>\n<li>Le plus souvent la journ\u00e9e ou demi-journ\u00e9e se termine par une auto-\u00e9valuation des participants sous forme d&#8217;une jeu ou d&#8217;un quiz sp\u00e9cialement pr\u00e9par\u00e9 par notre Cabinet.<\/li>\n<\/ul>\n<p style=\"text-align: left;\">Pour toutes informations ou pour tout devis, vous pouvez \u00e9crire \u00e0 &lt;<strong>contact@iteanu.law<\/strong>&gt; .<\/p>\n<p style=\"text-align: left;\">ITEANU AVOCATS participe \u00e9galement chaque ann\u00e9e \u00e0 des formations externes sur le th\u00e8me du droit du num\u00e9rique et de la <em>data<\/em>.<\/p>\n<p>Enfin, Ma\u00eetres Olivier Iteanu, Raoul Fuentes et Alexandra Iteanu dispensent des cours en droit du num\u00e9rique aupr\u00e8s des Universit\u00e9s de Paris I Sorbonne et Paris XI Sceaux dans deux Master 2 sp\u00e9cialis\u00e9s en droit du num\u00e9rique.<\/p>\n<p>L&#8217;ensemble de ces activit\u00e9s est pr\u00e9sent\u00e9e sur cette page.<\/p>","protected":false},"excerpt":{"rendered":"<p>Sorry, this entry is only available in FR. For the sake of viewer convenience, the content is shown below in the alternative language. You may click the link to switch the active language. ITEANU AVOCATS\u00a0 est &#8220;organisme de formation&#8221; et organise d\u00e8s lors r\u00e9guli\u00e8rement des formations en droit du num\u00e9rique et de la data \u00e0 [&hellip;]<\/p>\n","protected":false},"author":3,"featured_media":0,"parent":0,"menu_order":0,"comment_status":"closed","ping_status":"closed","template":"template-formations.php","meta":{"footnotes":""},"class_list":["post-11699","page","type-page","status-publish","hentry"],"acf":[],"_links":{"self":[{"href":"https:\/\/www.iteanu.law\/en\/wp-json\/wp\/v2\/pages\/11699","targetHints":{"allow":["GET"]}}],"collection":[{"href":"https:\/\/www.iteanu.law\/en\/wp-json\/wp\/v2\/pages"}],"about":[{"href":"https:\/\/www.iteanu.law\/en\/wp-json\/wp\/v2\/types\/page"}],"author":[{"embeddable":true,"href":"https:\/\/www.iteanu.law\/en\/wp-json\/wp\/v2\/users\/3"}],"replies":[{"embeddable":true,"href":"https:\/\/www.iteanu.law\/en\/wp-json\/wp\/v2\/comments?post=11699"}],"version-history":[{"count":11,"href":"https:\/\/www.iteanu.law\/en\/wp-json\/wp\/v2\/pages\/11699\/revisions"}],"predecessor-version":[{"id":36129,"href":"https:\/\/www.iteanu.law\/en\/wp-json\/wp\/v2\/pages\/11699\/revisions\/36129"}],"wp:attachment":[{"href":"https:\/\/www.iteanu.law\/en\/wp-json\/wp\/v2\/media?parent=11699"}],"curies":[{"name":"wp","href":"https:\/\/api.w.org\/{rel}","templated":true}]}}